{"id":33,"date":"2015-07-26T05:47:24","date_gmt":"2015-07-26T05:47:24","guid":{"rendered":"http:\/\/www.santiago-barreiro.com\/?page_id=33"},"modified":"2018-07-03T06:24:23","modified_gmt":"2018-07-03T06:24:23","slug":"lalienation","status":"publish","type":"page","link":"https:\/\/www.santiago-barreiro.com\/index.php\/proyectos\/lalienation\/","title":{"rendered":"L&#8217;ali\u00e9nation"},"content":{"rendered":"<p>&nbsp;<\/p>\n\n\t\t<!-- MasterSlider -->\n\t\t<div id=\"P_MS69fb31cbb70d0\" class=\"master-slider-parent msl ms-parent-id-1\" style=\"max-width:1000px;\">\n\n\t\t\t\n\t\t\t<!-- MasterSlider Main -->\n\t\t\t<div id=\"MS69fb31cbb70d0\" class=\"master-slider ms-skin-default\" >\n\t\t\t\t \t\t\t\t \n\t\t\t\t<div  class=\"ms-slide\" data-delay=\"3\" data-fill-mode=\"fit\"  >\n\t\t\t\t\t<img src=\"https:\/\/www.santiago-barreiro.com\/wp-content\/plugins\/master-slider\/public\/assets\/css\/blank.gif\" alt=\"\" title=\"\" data-src=\"https:\/\/www.santiago-barreiro.com\/wp-content\/uploads\/2018\/07\/SAN_0593-Edit-1.jpg\" \/>\n\n\n\t<img class=\"ms-thumb\" src=\"https:\/\/www.santiago-barreiro.com\/wp-content\/uploads\/2018\/07\/SAN_0593-Edit-1-100x80.jpg\" alt=\"\" \/>\n\t<div class=\"ms-thumb\" ><div class=\"ms-tab-context\"><div class=\"&quot;ms-tab-context&quot;\"><\/div><\/div>\n<\/div>\n\t\t\t\t<\/div>\n\t\t\t\t<div  class=\"ms-slide\" data-delay=\"3\" data-fill-mode=\"fill\"  >\n\t\t\t\t\t<img src=\"https:\/\/www.santiago-barreiro.com\/wp-content\/plugins\/master-slider\/public\/assets\/css\/blank.gif\" alt=\"\" title=\"\" data-src=\"https:\/\/www.santiago-barreiro.com\/wp-content\/uploads\/2018\/07\/SAN_0447.jpg\" \/>\n\n\n\t<img class=\"ms-thumb\" src=\"https:\/\/www.santiago-barreiro.com\/wp-content\/uploads\/2018\/07\/SAN_0447-100x80.jpg\" alt=\"\" \/>\n\t<div class=\"ms-thumb\" ><div class=\"ms-tab-context\"><div class=\"&quot;ms-tab-context&quot;\"><\/div><\/div>\n<\/div>\n\t\t\t\t<\/div>\n\t\t\t\t<div  class=\"ms-slide\" data-delay=\"3\" data-fill-mode=\"fill\"  >\n\t\t\t\t\t<img src=\"https:\/\/www.santiago-barreiro.com\/wp-content\/plugins\/master-slider\/public\/assets\/css\/blank.gif\" alt=\"\" title=\"\" data-src=\"https:\/\/www.santiago-barreiro.com\/wp-content\/uploads\/2018\/07\/SAN_1996-Edit-Edit-copy.jpg\" \/>\n\n\n\t<img class=\"ms-thumb\" src=\"https:\/\/www.santiago-barreiro.com\/wp-content\/uploads\/2018\/07\/SAN_1996-Edit-Edit-copy-100x80.jpg\" alt=\"\" \/>\n\t<div class=\"ms-thumb\" ><div class=\"ms-tab-context\"><div class=\"&quot;ms-tab-context&quot;\"><\/div><\/div>\n<\/div>\n\t\t\t\t<\/div>\n\t\t\t\t<div  class=\"ms-slide\" data-delay=\"3\" data-fill-mode=\"fill\"  >\n\t\t\t\t\t<img src=\"https:\/\/www.santiago-barreiro.com\/wp-content\/plugins\/master-slider\/public\/assets\/css\/blank.gif\" alt=\"\" title=\"\" data-src=\"https:\/\/www.santiago-barreiro.com\/wp-content\/uploads\/2018\/07\/SAN_0666-Edit.jpg\" \/>\n\n\n\t<img class=\"ms-thumb\" src=\"https:\/\/www.santiago-barreiro.com\/wp-content\/uploads\/2018\/07\/SAN_0666-Edit-100x80.jpg\" alt=\"\" \/>\n\t<div class=\"ms-thumb\" ><div class=\"ms-tab-context\"><div class=\"&quot;ms-tab-context&quot;\"><\/div><\/div>\n<\/div>\n\t\t\t\t<\/div>\n\t\t\t\t<div  class=\"ms-slide\" data-delay=\"3\" data-fill-mode=\"fill\"  >\n\t\t\t\t\t<img src=\"https:\/\/www.santiago-barreiro.com\/wp-content\/plugins\/master-slider\/public\/assets\/css\/blank.gif\" alt=\"\" title=\"\" data-src=\"https:\/\/www.santiago-barreiro.com\/wp-content\/uploads\/2018\/07\/SAN_1859.jpg\" \/>\n\n\n\t<img class=\"ms-thumb\" src=\"https:\/\/www.santiago-barreiro.com\/wp-content\/uploads\/2018\/07\/SAN_1859-100x80.jpg\" alt=\"\" \/>\n\t<div class=\"ms-thumb\" ><div class=\"ms-tab-context\"><div class=\"&quot;ms-tab-context&quot;\"><\/div><\/div>\n<\/div>\n\t\t\t\t<\/div>\n\t\t\t\t<div  class=\"ms-slide\" data-delay=\"3\" data-fill-mode=\"fill\"  >\n\t\t\t\t\t<img src=\"https:\/\/www.santiago-barreiro.com\/wp-content\/plugins\/master-slider\/public\/assets\/css\/blank.gif\" alt=\"\" title=\"\" data-src=\"https:\/\/www.santiago-barreiro.com\/wp-content\/uploads\/2018\/07\/SAN_0957.jpg\" \/>\n\n\n\t<img class=\"ms-thumb\" src=\"https:\/\/www.santiago-barreiro.com\/wp-content\/uploads\/2018\/07\/SAN_0957-100x80.jpg\" alt=\"\" \/>\n\t<div class=\"ms-thumb\" ><div class=\"ms-tab-context\"><div class=\"&quot;ms-tab-context&quot;\"><\/div><\/div>\n<\/div>\n\t\t\t\t<\/div>\n\t\t\t\t<div  class=\"ms-slide\" data-delay=\"3\" data-fill-mode=\"fill\"  >\n\t\t\t\t\t<img src=\"https:\/\/www.santiago-barreiro.com\/wp-content\/plugins\/master-slider\/public\/assets\/css\/blank.gif\" alt=\"\" title=\"\" data-src=\"https:\/\/www.santiago-barreiro.com\/wp-content\/uploads\/2018\/07\/SAN_2119-Edit-copy.jpg\" \/>\n\n\n\t<img class=\"ms-thumb\" src=\"https:\/\/www.santiago-barreiro.com\/wp-content\/uploads\/2018\/07\/SAN_2119-Edit-copy-100x80.jpg\" alt=\"\" \/>\n\t<div class=\"ms-thumb\" ><div class=\"ms-tab-context\"><div class=\"&quot;ms-tab-context&quot;\"><\/div><\/div>\n<\/div>\n\t\t\t\t<\/div>\n\t\t\t\t<div  class=\"ms-slide\" data-delay=\"3\" data-fill-mode=\"fill\"  >\n\t\t\t\t\t<img src=\"https:\/\/www.santiago-barreiro.com\/wp-content\/plugins\/master-slider\/public\/assets\/css\/blank.gif\" alt=\"\" title=\"\" data-src=\"https:\/\/www.santiago-barreiro.com\/wp-content\/uploads\/2018\/07\/SAN_1958.jpg\" \/>\n\n\n\t<img class=\"ms-thumb\" src=\"https:\/\/www.santiago-barreiro.com\/wp-content\/uploads\/2018\/07\/SAN_1958-100x80.jpg\" alt=\"\" \/>\n\t<div class=\"ms-thumb\" ><div class=\"ms-tab-context\"><div class=\"&quot;ms-tab-context&quot;\"><\/div><\/div>\n<\/div>\n\t\t\t\t<\/div>\n\t\t\t\t<div  class=\"ms-slide\" data-delay=\"3\" data-fill-mode=\"fill\"  >\n\t\t\t\t\t<img src=\"https:\/\/www.santiago-barreiro.com\/wp-content\/plugins\/master-slider\/public\/assets\/css\/blank.gif\" alt=\"\" title=\"\" data-src=\"https:\/\/www.santiago-barreiro.com\/wp-content\/uploads\/2018\/07\/SAN_0912.jpg\" \/>\n\n\n\t<img class=\"ms-thumb\" src=\"https:\/\/www.santiago-barreiro.com\/wp-content\/uploads\/2018\/07\/SAN_0912-100x80.jpg\" alt=\"\" \/>\n\t<div class=\"ms-thumb\" ><div class=\"ms-tab-context\"><div class=\"&quot;ms-tab-context&quot;\"><\/div><\/div>\n<\/div>\n\t\t\t\t<\/div>\n\t\t\t\t<div  class=\"ms-slide\" data-delay=\"3\" data-fill-mode=\"fill\"  >\n\t\t\t\t\t<img src=\"https:\/\/www.santiago-barreiro.com\/wp-content\/plugins\/master-slider\/public\/assets\/css\/blank.gif\" alt=\"\" title=\"\" data-src=\"https:\/\/www.santiago-barreiro.com\/wp-content\/uploads\/2018\/07\/SAN_0873.jpg\" \/>\n\n\n\t<img class=\"ms-thumb\" src=\"https:\/\/www.santiago-barreiro.com\/wp-content\/uploads\/2018\/07\/SAN_0873-100x80.jpg\" alt=\"\" \/>\n\t<div class=\"ms-thumb\" ><div class=\"ms-tab-context\"><div class=\"&quot;ms-tab-context&quot;\"><\/div><\/div>\n<\/div>\n\t\t\t\t<\/div>\n\t\t\t\t<div  class=\"ms-slide\" data-delay=\"3\" data-fill-mode=\"fill\"  >\n\t\t\t\t\t<img src=\"https:\/\/www.santiago-barreiro.com\/wp-content\/plugins\/master-slider\/public\/assets\/css\/blank.gif\" alt=\"\" title=\"\" data-src=\"https:\/\/www.santiago-barreiro.com\/wp-content\/uploads\/2018\/07\/SAN_0761-Edit-1.jpg\" \/>\n\n\n\t<img class=\"ms-thumb\" src=\"https:\/\/www.santiago-barreiro.com\/wp-content\/uploads\/2018\/07\/SAN_0761-Edit-1-100x80.jpg\" alt=\"\" \/>\n\t<div class=\"ms-thumb\" ><div class=\"ms-tab-context\"><div class=\"&quot;ms-tab-context&quot;\"><\/div><\/div>\n<\/div>\n\t\t\t\t<\/div>\n\t\t\t\t<div  class=\"ms-slide\" data-delay=\"3\" data-fill-mode=\"fill\"  >\n\t\t\t\t\t<img src=\"https:\/\/www.santiago-barreiro.com\/wp-content\/plugins\/master-slider\/public\/assets\/css\/blank.gif\" alt=\"\" title=\"\" data-src=\"https:\/\/www.santiago-barreiro.com\/wp-content\/uploads\/2018\/07\/SAN_0945-Edit.jpg\" \/>\n\n\n\t<img class=\"ms-thumb\" src=\"https:\/\/www.santiago-barreiro.com\/wp-content\/uploads\/2018\/07\/SAN_0945-Edit-100x80.jpg\" alt=\"\" \/>\n\t<div class=\"ms-thumb\" ><div class=\"ms-tab-context\"><div class=\"&quot;ms-tab-context&quot;\"><\/div><\/div>\n<\/div>\n\t\t\t\t<\/div>\n\t\t\t\t<div  class=\"ms-slide\" data-delay=\"3\" data-fill-mode=\"fill\"  >\n\t\t\t\t\t<img src=\"https:\/\/www.santiago-barreiro.com\/wp-content\/plugins\/master-slider\/public\/assets\/css\/blank.gif\" alt=\"\" title=\"\" data-src=\"https:\/\/www.santiago-barreiro.com\/wp-content\/uploads\/2018\/07\/SAN_8047-Edit.jpg\" \/>\n\n\n\t<img class=\"ms-thumb\" src=\"https:\/\/www.santiago-barreiro.com\/wp-content\/uploads\/2018\/07\/SAN_8047-Edit-100x80.jpg\" alt=\"\" \/>\n\t<div class=\"ms-thumb\" ><div class=\"ms-tab-context\"><div class=\"&quot;ms-tab-context&quot;\"><\/div><\/div>\n<\/div>\n\t\t\t\t<\/div>\n\t\t\t\t<div  class=\"ms-slide\" data-delay=\"3\" data-fill-mode=\"fill\"  >\n\t\t\t\t\t<img src=\"https:\/\/www.santiago-barreiro.com\/wp-content\/plugins\/master-slider\/public\/assets\/css\/blank.gif\" alt=\"\" title=\"\" data-src=\"https:\/\/www.santiago-barreiro.com\/wp-content\/uploads\/2018\/07\/SAN_1788.jpg\" \/>\n\n\n\t<img class=\"ms-thumb\" src=\"https:\/\/www.santiago-barreiro.com\/wp-content\/uploads\/2018\/07\/SAN_1788-100x80.jpg\" alt=\"\" \/>\n\t<div class=\"ms-thumb\" ><div class=\"ms-tab-context\"><div class=\"&quot;ms-tab-context&quot;\"><\/div><\/div>\n<\/div>\n\t\t\t\t<\/div>\n\t\t\t\t<div  class=\"ms-slide\" data-delay=\"3\" data-fill-mode=\"fill\"  >\n\t\t\t\t\t<img src=\"https:\/\/www.santiago-barreiro.com\/wp-content\/plugins\/master-slider\/public\/assets\/css\/blank.gif\" alt=\"\" title=\"\" data-src=\"https:\/\/www.santiago-barreiro.com\/wp-content\/uploads\/2018\/07\/SAN_2052-EDICION-FINAL-2018.jpg\" \/>\n\n\n\t<img class=\"ms-thumb\" src=\"https:\/\/www.santiago-barreiro.com\/wp-content\/uploads\/2018\/07\/SAN_2052-EDICION-FINAL-2018-100x80.jpg\" alt=\"\" \/>\n\t<div class=\"ms-thumb\" ><div class=\"ms-tab-context\"><div class=\"&quot;ms-tab-context&quot;\"><\/div><\/div>\n<\/div>\n\t\t\t\t<\/div>\n\t\t\t\t<div  class=\"ms-slide\" data-delay=\"3\" data-fill-mode=\"fill\"  >\n\t\t\t\t\t<img src=\"https:\/\/www.santiago-barreiro.com\/wp-content\/plugins\/master-slider\/public\/assets\/css\/blank.gif\" alt=\"\" title=\"\" data-src=\"https:\/\/www.santiago-barreiro.com\/wp-content\/uploads\/2018\/06\/SAN_8825-Edit.jpg\" \/>\n\n\n\t<img class=\"ms-thumb\" src=\"https:\/\/www.santiago-barreiro.com\/wp-content\/uploads\/2018\/06\/SAN_8825-Edit-100x80.jpg\" alt=\"\" \/>\n\t<div class=\"ms-thumb\" ><div class=\"ms-tab-context\"><div class=\"&quot;ms-tab-context&quot;\"><\/div><\/div>\n<\/div>\n\t\t\t\t<\/div>\n\t\t\t\t<div  class=\"ms-slide\" data-delay=\"3\" data-fill-mode=\"fill\"  >\n\t\t\t\t\t<img src=\"https:\/\/www.santiago-barreiro.com\/wp-content\/plugins\/master-slider\/public\/assets\/css\/blank.gif\" alt=\"\" title=\"\" data-src=\"https:\/\/www.santiago-barreiro.com\/wp-content\/uploads\/2018\/06\/SAN_2486-Edit.jpg\" \/>\n\n\n\t<img class=\"ms-thumb\" src=\"https:\/\/www.santiago-barreiro.com\/wp-content\/uploads\/2018\/06\/SAN_2486-Edit-100x80.jpg\" alt=\"\" \/>\n\t<div class=\"ms-thumb\" ><div class=\"ms-tab-context\"><div class=\"&quot;ms-tab-context&quot;\"><\/div><\/div>\n<\/div>\n\t\t\t\t<\/div>\n\t\t\t\t<div  class=\"ms-slide\" data-delay=\"3\" data-fill-mode=\"fill\"  >\n\t\t\t\t\t<img src=\"https:\/\/www.santiago-barreiro.com\/wp-content\/plugins\/master-slider\/public\/assets\/css\/blank.gif\" alt=\"\" title=\"\" data-src=\"https:\/\/www.santiago-barreiro.com\/wp-content\/uploads\/2018\/06\/SAN_2541-Edit.jpg\" \/>\n\n\n\t<img class=\"ms-thumb\" src=\"https:\/\/www.santiago-barreiro.com\/wp-content\/uploads\/2018\/06\/SAN_2541-Edit-100x80.jpg\" alt=\"\" \/>\n\t<div class=\"ms-thumb\" ><div class=\"ms-tab-context\"><div class=\"&quot;ms-tab-context&quot;\"><\/div><\/div>\n<\/div>\n\t\t\t\t<\/div>\n\t\t\t\t<div  class=\"ms-slide\" data-delay=\"3\" data-fill-mode=\"fill\"  >\n\t\t\t\t\t<img src=\"https:\/\/www.santiago-barreiro.com\/wp-content\/plugins\/master-slider\/public\/assets\/css\/blank.gif\" alt=\"\" title=\"\" data-src=\"https:\/\/www.santiago-barreiro.com\/wp-content\/uploads\/2018\/06\/SAN_2697-Edit-2-2.jpg\" \/>\n\n\n\t<img class=\"ms-thumb\" src=\"https:\/\/www.santiago-barreiro.com\/wp-content\/uploads\/2018\/06\/SAN_2697-Edit-2-2-100x80.jpg\" alt=\"\" \/>\n\t<div class=\"ms-thumb\" ><div class=\"ms-tab-context\"><div class=\"&quot;ms-tab-context&quot;\"><\/div><\/div>\n<\/div>\n\t\t\t\t<\/div>\n\t\t\t\t<div  class=\"ms-slide\" data-delay=\"3\" data-fill-mode=\"fill\"  >\n\t\t\t\t\t<img src=\"https:\/\/www.santiago-barreiro.com\/wp-content\/plugins\/master-slider\/public\/assets\/css\/blank.gif\" alt=\"\" title=\"\" data-src=\"https:\/\/www.santiago-barreiro.com\/wp-content\/uploads\/2018\/06\/SAN_2711-Edit.jpg\" \/>\n\n\n\t<img class=\"ms-thumb\" src=\"https:\/\/www.santiago-barreiro.com\/wp-content\/uploads\/2018\/06\/SAN_2711-Edit-100x80.jpg\" alt=\"\" \/>\n\t<div class=\"ms-thumb\" ><div class=\"ms-tab-context\"><div class=\"&quot;ms-tab-context&quot;\"><\/div><\/div>\n<\/div>\n\t\t\t\t<\/div>\n\t\t\t\t<div  class=\"ms-slide\" data-delay=\"3\" data-fill-mode=\"fill\"  >\n\t\t\t\t\t<img src=\"https:\/\/www.santiago-barreiro.com\/wp-content\/plugins\/master-slider\/public\/assets\/css\/blank.gif\" alt=\"\" title=\"\" data-src=\"https:\/\/www.santiago-barreiro.com\/wp-content\/uploads\/2018\/06\/SAN_7896-Edit.jpg\" \/>\n\n\n\t<img class=\"ms-thumb\" src=\"https:\/\/www.santiago-barreiro.com\/wp-content\/uploads\/2018\/06\/SAN_7896-Edit-100x80.jpg\" alt=\"\" \/>\n\t<div class=\"ms-thumb\" ><div class=\"ms-tab-context\"><div class=\"&quot;ms-tab-context&quot;\"><\/div><\/div>\n<\/div>\n\t\t\t\t<\/div>\n\t\t\t\t<div  class=\"ms-slide\" data-delay=\"3\" data-fill-mode=\"fill\"  >\n\t\t\t\t\t<img src=\"https:\/\/www.santiago-barreiro.com\/wp-content\/plugins\/master-slider\/public\/assets\/css\/blank.gif\" alt=\"\" title=\"\" data-src=\"https:\/\/www.santiago-barreiro.com\/wp-content\/uploads\/2018\/06\/SAN_8670-2.jpg\" \/>\n\n\n\t<img class=\"ms-thumb\" src=\"https:\/\/www.santiago-barreiro.com\/wp-content\/uploads\/2018\/06\/SAN_8670-2-100x80.jpg\" alt=\"\" \/>\n\t<div class=\"ms-thumb\" ><div class=\"ms-tab-context\"><div class=\"&quot;ms-tab-context&quot;\"><\/div><\/div>\n<\/div>\n\t\t\t\t<\/div>\n\t\t\t\t<div  class=\"ms-slide\" data-delay=\"3\" data-fill-mode=\"fill\"  >\n\t\t\t\t\t<img src=\"https:\/\/www.santiago-barreiro.com\/wp-content\/plugins\/master-slider\/public\/assets\/css\/blank.gif\" alt=\"\" title=\"\" data-src=\"https:\/\/www.santiago-barreiro.com\/wp-content\/uploads\/2018\/06\/SAN_8739-Edit.jpg\" \/>\n\n\n\t<img class=\"ms-thumb\" src=\"https:\/\/www.santiago-barreiro.com\/wp-content\/uploads\/2018\/06\/SAN_8739-Edit-100x80.jpg\" alt=\"\" \/>\n\t<div class=\"ms-thumb\" ><div class=\"ms-tab-context\"><div class=\"&quot;ms-tab-context&quot;\"><\/div><\/div>\n<\/div>\n\t\t\t\t<\/div>\n\t\t\t\t<div  class=\"ms-slide\" data-delay=\"3\" data-fill-mode=\"fill\"  >\n\t\t\t\t\t<img src=\"https:\/\/www.santiago-barreiro.com\/wp-content\/plugins\/master-slider\/public\/assets\/css\/blank.gif\" alt=\"\" title=\"\" data-src=\"https:\/\/www.santiago-barreiro.com\/wp-content\/uploads\/2018\/06\/SAN_2304.jpg\" \/>\n\n\n\t<img class=\"ms-thumb\" src=\"https:\/\/www.santiago-barreiro.com\/wp-content\/uploads\/2018\/06\/SAN_2304-100x80.jpg\" alt=\"\" \/>\n\t<div class=\"ms-thumb\" ><div class=\"ms-tab-context\"><div class=\"&quot;ms-tab-context&quot;\"><\/div><\/div>\n<\/div>\n\t\t\t\t<\/div>\n\t\t\t\t<div  class=\"ms-slide\" data-delay=\"3\" data-fill-mode=\"fill\"  >\n\t\t\t\t\t<img src=\"https:\/\/www.santiago-barreiro.com\/wp-content\/plugins\/master-slider\/public\/assets\/css\/blank.gif\" alt=\"\" title=\"\" data-src=\"https:\/\/www.santiago-barreiro.com\/wp-content\/uploads\/2018\/06\/SAN_2183-Edit.jpg\" \/>\n\n\n\t<img class=\"ms-thumb\" src=\"https:\/\/www.santiago-barreiro.com\/wp-content\/uploads\/2018\/06\/SAN_2183-Edit-100x80.jpg\" alt=\"\" \/>\n\t<div class=\"ms-thumb\" ><div class=\"ms-tab-context\"><div class=\"&quot;ms-tab-context&quot;\"><\/div><\/div>\n<\/div>\n\t\t\t\t<\/div>\n\n\t\t\t<\/div>\n\t\t\t<!-- END MasterSlider Main -->\n\n\t\t\t \n\t\t<\/div>\n\t\t<!-- END MasterSlider -->\n\n\t\t<script>\n\t\t(function ( $ ) {\n\t\t\t\"use strict\";\n\n\t\t\t$(function () {\n\t\t\t\tvar masterslider_70d0 = new MasterSlider();\n\n\t\t\t\t\/\/ slider controls\n\t\t\t\tmasterslider_70d0.control('arrows'     ,{ autohide:true, overVideo:true  });\n\t\t\t\tmasterslider_70d0.control('thumblist'  ,{ autohide:false, overVideo:true, dir:'h', speed:17, inset:false, arrows:true, hover:false, customClass:'', align:'bottom',type:'thumbs', margin:10, width:100, height:80, space:5, fillMode:'fill'  });\n\t\t\t\t\/\/ slider setup\n\t\t\t\tmasterslider_70d0.setup(\"MS69fb31cbb70d0\", {\n\t\t\t\t\t\twidth           : 1000,\n\t\t\t\t\t\theight          : 500,\n\t\t\t\t\t\tminHeight       : 0,\n\t\t\t\t\t\tspace           : 0,\n\t\t\t\t\t\tstart           : 1,\n\t\t\t\t\t\tgrabCursor      : true,\n\t\t\t\t\t\tswipe           : true,\n\t\t\t\t\t\tmouse           : true,\n\t\t\t\t\t\tlayout          : \"boxed\",\n\t\t\t\t\t\twheel           : false,\n\t\t\t\t\t\tautoplay        : true,\n\t\t\t\t\t\tinstantStartLayers:false,\n\t\t\t\t\t\tloop            : true,\n\t\t\t\t\t\tshuffle         : false,\n\t\t\t\t\t\tpreload         : 0,\n\t\t\t\t\t\theightLimit     : true,\n\t\t\t\t\t\tautoHeight      : true,\n\t\t\t\t\t\tsmoothHeight    : true,\n\t\t\t\t\t\tendPause        : false,\n\t\t\t\t\t\toverPause       : true,\n\t\t\t\t\t\tfillMode        : \"fill\",\n\t\t\t\t\t\tcenterControls  : true,\n\t\t\t\t\t\tstartOnAppear   : false,\n\t\t\t\t\t\tlayersMode      : \"center\",\n\t\t\t\t\t\thideLayers      : false,\n\t\t\t\t\t\tfullscreenMargin: 0,\n\t\t\t\t\t\tspeed           : 20,\n\t\t\t\t\t\tdir             : \"h\",\n\t\t\t\t\t\tparallaxMode    : 'swipe',\n\t\t\t\t\t\tview            : \"basic\"\n\t\t\t\t});\n\n\t\t\t\t\n\t\t\t\twindow.masterslider_instances = window.masterslider_instances || [];\n\t\t\t\twindow.masterslider_instances.push( masterslider_70d0 );\n\t\t\t });\n\n\t\t})(jQuery);\n\t\t<\/script>\n\n\n<p>&nbsp;<\/p>\n<p><span style=\"color: #999999;\"><span style=\"color: #808080;\">&nbsp;Es la lucha interna, el sentimiento reprimido del bailar\u00edn de ser al fin, su propio int\u00e9rprete. Dejar de usar su cuerpo como m\u00f3vil para representar otras vidas de anta\u00f1o, vidas que hace suyas. Es la identidad perdida del ser, son muchos cuerpos, muchos \u00absentires\u00bb, muchos rostros, todos menos el propio, ese que al ocultarse profundamente, se queja. [Proyecto en curso]<\/span><\/span><\/p>\n<hr>\n<div class=\"page\" title=\"Page 1\">\n<div class=\"section\">\n<div class=\"layoutArea\">\n<div class=\"column\">\n<p><span style=\"color: #808080;\"><em>Is the internal struggle, the repressed feeling of the dancer to become their own interpreter. Leaving the body as an instrument to represent other lives; the ones that become theirs. It is the loss of the beings identity. There are many bodies, many perceptions and many features, all except their own. A face that complains, hides deeply flashes of anger. [Ongoing project]<\/em><\/span><\/p>\n<\/div>\n<\/div>\n<\/div>\n<\/div>\n","protected":false},"excerpt":{"rendered":"<p>&nbsp; &nbsp; &nbsp;Es la lucha interna, el sentimiento reprimido del bailar\u00edn de ser al fin, su propio int\u00e9rprete. Dejar de usar su cuerpo como m\u00f3vil para representar otras vidas de anta\u00f1o, vidas que hace suyas. Es la identidad perdida del ser, son muchos cuerpos, muchos \u00absentires\u00bb, muchos rostros, todos menos el propio, ese que al [&hellip;]<\/p>\n","protected":false},"author":1,"featured_media":0,"parent":18,"menu_order":1,"comment_status":"open","ping_status":"closed","template":"","meta":{"sfsi_plus_gutenberg_text_before_share":"","sfsi_plus_gutenberg_show_text_before_share":"","sfsi_plus_gutenberg_icon_type":"","sfsi_plus_gutenberg_icon_alignemt":"","sfsi_plus_gutenburg_max_per_row":""},"_links":{"self":[{"href":"https:\/\/www.santiago-barreiro.com\/index.php\/wp-json\/wp\/v2\/pages\/33"}],"collection":[{"href":"https:\/\/www.santiago-barreiro.com\/index.php\/wp-json\/wp\/v2\/pages"}],"about":[{"href":"https:\/\/www.santiago-barreiro.com\/index.php\/wp-json\/wp\/v2\/types\/page"}],"author":[{"embeddable":true,"href":"https:\/\/www.santiago-barreiro.com\/index.php\/wp-json\/wp\/v2\/users\/1"}],"replies":[{"embeddable":true,"href":"https:\/\/www.santiago-barreiro.com\/index.php\/wp-json\/wp\/v2\/comments?post=33"}],"version-history":[{"count":35,"href":"https:\/\/www.santiago-barreiro.com\/index.php\/wp-json\/wp\/v2\/pages\/33\/revisions"}],"predecessor-version":[{"id":46,"href":"https:\/\/www.santiago-barreiro.com\/index.php\/wp-json\/wp\/v2\/pages\/33\/revisions\/46"}],"up":[{"embeddable":true,"href":"https:\/\/www.santiago-barreiro.com\/index.php\/wp-json\/wp\/v2\/pages\/18"}],"wp:attachment":[{"href":"https:\/\/www.santiago-barreiro.com\/index.php\/wp-json\/wp\/v2\/media?parent=33"}],"curies":[{"name":"wp","href":"https:\/\/api.w.org\/{rel}","templated":true}]}}