{"id":35,"date":"2015-07-26T05:47:43","date_gmt":"2015-07-26T05:47:43","guid":{"rendered":"http:\/\/www.santiago-barreiro.com\/?page_id=35"},"modified":"2018-07-03T15:16:19","modified_gmt":"2018-07-03T15:16:19","slug":"pueblo-ballet","status":"publish","type":"page","link":"http:\/\/www.santiago-barreiro.com\/index.php\/proyectos\/pueblo-ballet\/","title":{"rendered":"Pueblo Ballet"},"content":{"rendered":"\n\t\t<!-- MasterSlider -->\n\t\t<div id=\"P_MS69dfa9e44037d\" class=\"master-slider-parent msl ms-parent-id-3\" style=\"max-width:1000px;\">\n\n\t\t\t\n\t\t\t<!-- MasterSlider Main -->\n\t\t\t<div id=\"MS69dfa9e44037d\" class=\"master-slider ms-skin-default\" >\n\t\t\t\t \t\t\t\t \n\t\t\t\t<div  class=\"ms-slide\" data-delay=\"3\" data-fill-mode=\"fit\"  >\n\t\t\t\t\t<img src=\"http:\/\/www.santiago-barreiro.com\/wp-content\/plugins\/master-slider\/public\/assets\/css\/blank.gif\" alt=\"\" title=\"\" data-src=\"http:\/\/www.santiago-barreiro.com\/wp-content\/uploads\/2018\/07\/PB01.jpg\" \/>\n\n\n\t<img class=\"ms-thumb\" src=\"http:\/\/www.santiago-barreiro.com\/wp-content\/uploads\/2018\/07\/PB01-140x80.jpg\" alt=\"\" \/>\n\t<div class=\"ms-thumb\" ><div class=\"ms-tab-context\"><div class=\"&quot;ms-tab-context&quot;\"><\/div><\/div>\n<\/div>\n\t\t\t\t<\/div>\n\t\t\t\t<div  class=\"ms-slide\" data-delay=\"3\" data-fill-mode=\"fill\"  >\n\t\t\t\t\t<img src=\"http:\/\/www.santiago-barreiro.com\/wp-content\/plugins\/master-slider\/public\/assets\/css\/blank.gif\" alt=\"\" title=\"\" data-src=\"http:\/\/www.santiago-barreiro.com\/wp-content\/uploads\/2018\/07\/PB21.jpg\" \/>\n\n\n\t<img class=\"ms-thumb\" src=\"http:\/\/www.santiago-barreiro.com\/wp-content\/uploads\/2018\/07\/PB21-140x80.jpg\" alt=\"\" \/>\n\t<div class=\"ms-thumb\" ><div class=\"ms-tab-context\"><div class=\"&quot;ms-tab-context&quot;\"><\/div><\/div>\n<\/div>\n\t\t\t\t<\/div>\n\t\t\t\t<div  class=\"ms-slide\" data-delay=\"3\" data-fill-mode=\"fill\"  >\n\t\t\t\t\t<img src=\"http:\/\/www.santiago-barreiro.com\/wp-content\/plugins\/master-slider\/public\/assets\/css\/blank.gif\" alt=\"\" title=\"\" data-src=\"http:\/\/www.santiago-barreiro.com\/wp-content\/uploads\/2018\/07\/PB14.jpg\" \/>\n\n\n\t<img class=\"ms-thumb\" src=\"http:\/\/www.santiago-barreiro.com\/wp-content\/uploads\/2018\/07\/PB14-140x80.jpg\" alt=\"\" \/>\n\t<div class=\"ms-thumb\" ><div class=\"ms-tab-context\"><div class=\"&quot;ms-tab-context&quot;\"><\/div><\/div>\n<\/div>\n\t\t\t\t<\/div>\n\t\t\t\t<div  class=\"ms-slide\" data-delay=\"3\" data-fill-mode=\"fill\"  >\n\t\t\t\t\t<img src=\"http:\/\/www.santiago-barreiro.com\/wp-content\/plugins\/master-slider\/public\/assets\/css\/blank.gif\" alt=\"\" title=\"\" data-src=\"http:\/\/www.santiago-barreiro.com\/wp-content\/uploads\/2018\/07\/PB02.jpg\" \/>\n\n\n\t<img class=\"ms-thumb\" src=\"http:\/\/www.santiago-barreiro.com\/wp-content\/uploads\/2018\/07\/PB02-140x80.jpg\" alt=\"\" \/>\n\t<div class=\"ms-thumb\" ><div class=\"ms-tab-context\"><div class=\"&quot;ms-tab-context&quot;\"><\/div><\/div>\n<\/div>\n\t\t\t\t<\/div>\n\t\t\t\t<div  class=\"ms-slide\" data-delay=\"3\" data-fill-mode=\"fill\"  >\n\t\t\t\t\t<img src=\"http:\/\/www.santiago-barreiro.com\/wp-content\/plugins\/master-slider\/public\/assets\/css\/blank.gif\" alt=\"\" title=\"\" data-src=\"http:\/\/www.santiago-barreiro.com\/wp-content\/uploads\/2018\/07\/PB03.jpg\" \/>\n\n\n\t<img class=\"ms-thumb\" src=\"http:\/\/www.santiago-barreiro.com\/wp-content\/uploads\/2018\/07\/PB03-140x80.jpg\" alt=\"\" \/>\n\t<div class=\"ms-thumb\" ><div class=\"ms-tab-context\"><div class=\"&quot;ms-tab-context&quot;\"><\/div><\/div>\n<\/div>\n\t\t\t\t<\/div>\n\t\t\t\t<div  class=\"ms-slide\" data-delay=\"3\" data-fill-mode=\"fill\"  >\n\t\t\t\t\t<img src=\"http:\/\/www.santiago-barreiro.com\/wp-content\/plugins\/master-slider\/public\/assets\/css\/blank.gif\" alt=\"\" title=\"\" data-src=\"http:\/\/www.santiago-barreiro.com\/wp-content\/uploads\/2018\/07\/PB06.jpg\" \/>\n\n\n\t<img class=\"ms-thumb\" src=\"http:\/\/www.santiago-barreiro.com\/wp-content\/uploads\/2018\/07\/PB06-140x80.jpg\" alt=\"\" \/>\n\t<div class=\"ms-thumb\" ><div class=\"ms-tab-context\"><div class=\"&quot;ms-tab-context&quot;\"><\/div><\/div>\n<\/div>\n\t\t\t\t<\/div>\n\t\t\t\t<div  class=\"ms-slide\" data-delay=\"3\" data-fill-mode=\"fill\"  >\n\t\t\t\t\t<img src=\"http:\/\/www.santiago-barreiro.com\/wp-content\/plugins\/master-slider\/public\/assets\/css\/blank.gif\" alt=\"\" title=\"\" data-src=\"http:\/\/www.santiago-barreiro.com\/wp-content\/uploads\/2018\/07\/SAN_1111.jpg\" \/>\n\n\n\t<img class=\"ms-thumb\" src=\"http:\/\/www.santiago-barreiro.com\/wp-content\/uploads\/2018\/07\/SAN_1111-140x80.jpg\" alt=\"\" \/>\n\t<div class=\"ms-thumb\" ><div class=\"ms-tab-context\"><div class=\"&quot;ms-tab-context&quot;\"><\/div><\/div>\n<\/div>\n\t\t\t\t<\/div>\n\t\t\t\t<div  class=\"ms-slide\" data-delay=\"3\" data-fill-mode=\"fill\"  >\n\t\t\t\t\t<img src=\"http:\/\/www.santiago-barreiro.com\/wp-content\/plugins\/master-slider\/public\/assets\/css\/blank.gif\" alt=\"\" title=\"\" data-src=\"http:\/\/www.santiago-barreiro.com\/wp-content\/uploads\/2018\/07\/PB09.jpg\" \/>\n\n\n\t<img class=\"ms-thumb\" src=\"http:\/\/www.santiago-barreiro.com\/wp-content\/uploads\/2018\/07\/PB09-140x80.jpg\" alt=\"\" \/>\n\t<div class=\"ms-thumb\" ><div class=\"ms-tab-context\"><div class=\"&quot;ms-tab-context&quot;\"><\/div><\/div>\n<\/div>\n\t\t\t\t<\/div>\n\t\t\t\t<div  class=\"ms-slide\" data-delay=\"3\" data-fill-mode=\"fill\"  >\n\t\t\t\t\t<img src=\"http:\/\/www.santiago-barreiro.com\/wp-content\/plugins\/master-slider\/public\/assets\/css\/blank.gif\" alt=\"\" title=\"\" data-src=\"http:\/\/www.santiago-barreiro.com\/wp-content\/uploads\/2018\/07\/PB05.jpg\" \/>\n\n\n\t<img class=\"ms-thumb\" src=\"http:\/\/www.santiago-barreiro.com\/wp-content\/uploads\/2018\/07\/PB05-140x80.jpg\" alt=\"\" \/>\n\t<div class=\"ms-thumb\" ><div class=\"ms-tab-context\"><div class=\"&quot;ms-tab-context&quot;\"><\/div><\/div>\n<\/div>\n\t\t\t\t<\/div>\n\t\t\t\t<div  class=\"ms-slide\" data-delay=\"3\" data-fill-mode=\"fill\"  >\n\t\t\t\t\t<img src=\"http:\/\/www.santiago-barreiro.com\/wp-content\/plugins\/master-slider\/public\/assets\/css\/blank.gif\" alt=\"\" title=\"\" data-src=\"http:\/\/www.santiago-barreiro.com\/wp-content\/uploads\/2018\/07\/PB08.jpg\" \/>\n\n\n\t<img class=\"ms-thumb\" src=\"http:\/\/www.santiago-barreiro.com\/wp-content\/uploads\/2018\/07\/PB08-140x80.jpg\" alt=\"\" \/>\n\t<div class=\"ms-thumb\" ><div class=\"ms-tab-context\"><div class=\"&quot;ms-tab-context&quot;\"><\/div><\/div>\n<\/div>\n\t\t\t\t<\/div>\n\t\t\t\t<div  class=\"ms-slide\" data-delay=\"3\" data-fill-mode=\"fill\"  >\n\t\t\t\t\t<img src=\"http:\/\/www.santiago-barreiro.com\/wp-content\/plugins\/master-slider\/public\/assets\/css\/blank.gif\" alt=\"\" title=\"\" data-src=\"http:\/\/www.santiago-barreiro.com\/wp-content\/uploads\/2018\/07\/PB10.jpg\" \/>\n\n\n\t<img class=\"ms-thumb\" src=\"http:\/\/www.santiago-barreiro.com\/wp-content\/uploads\/2018\/07\/PB10-140x80.jpg\" alt=\"\" \/>\n\t<div class=\"ms-thumb\" ><div class=\"ms-tab-context\"><div class=\"&quot;ms-tab-context&quot;\"><\/div><\/div>\n<\/div>\n\t\t\t\t<\/div>\n\t\t\t\t<div  class=\"ms-slide\" data-delay=\"3\" data-fill-mode=\"fill\"  >\n\t\t\t\t\t<img src=\"http:\/\/www.santiago-barreiro.com\/wp-content\/plugins\/master-slider\/public\/assets\/css\/blank.gif\" alt=\"\" title=\"\" data-src=\"http:\/\/www.santiago-barreiro.com\/wp-content\/uploads\/2018\/07\/PB11.jpg\" \/>\n\n\n\t<img class=\"ms-thumb\" src=\"http:\/\/www.santiago-barreiro.com\/wp-content\/uploads\/2018\/07\/PB11-140x80.jpg\" alt=\"\" \/>\n\t<div class=\"ms-thumb\" ><div class=\"ms-tab-context\"><div class=\"&quot;ms-tab-context&quot;\"><\/div><\/div>\n<\/div>\n\t\t\t\t<\/div>\n\t\t\t\t<div  class=\"ms-slide\" data-delay=\"3\" data-fill-mode=\"fill\"  >\n\t\t\t\t\t<img src=\"http:\/\/www.santiago-barreiro.com\/wp-content\/plugins\/master-slider\/public\/assets\/css\/blank.gif\" alt=\"\" title=\"\" data-src=\"http:\/\/www.santiago-barreiro.com\/wp-content\/uploads\/2018\/07\/PB12.jpg\" \/>\n\n\n\t<img class=\"ms-thumb\" src=\"http:\/\/www.santiago-barreiro.com\/wp-content\/uploads\/2018\/07\/PB12-140x80.jpg\" alt=\"\" \/>\n\t<div class=\"ms-thumb\" ><div class=\"ms-tab-context\"><div class=\"&quot;ms-tab-context&quot;\"><\/div><\/div>\n<\/div>\n\t\t\t\t<\/div>\n\t\t\t\t<div  class=\"ms-slide\" data-delay=\"3\" data-fill-mode=\"fill\"  >\n\t\t\t\t\t<img src=\"http:\/\/www.santiago-barreiro.com\/wp-content\/plugins\/master-slider\/public\/assets\/css\/blank.gif\" alt=\"\" title=\"\" data-src=\"http:\/\/www.santiago-barreiro.com\/wp-content\/uploads\/2018\/07\/PB13.jpg\" \/>\n\n\n\t<img class=\"ms-thumb\" src=\"http:\/\/www.santiago-barreiro.com\/wp-content\/uploads\/2018\/07\/PB13-140x80.jpg\" alt=\"\" \/>\n\t<div class=\"ms-thumb\" ><div class=\"ms-tab-context\"><div class=\"&quot;ms-tab-context&quot;\"><\/div><\/div>\n<\/div>\n\t\t\t\t<\/div>\n\t\t\t\t<div  class=\"ms-slide\" data-delay=\"3\" data-fill-mode=\"fill\"  >\n\t\t\t\t\t<img src=\"http:\/\/www.santiago-barreiro.com\/wp-content\/plugins\/master-slider\/public\/assets\/css\/blank.gif\" alt=\"\" title=\"\" data-src=\"http:\/\/www.santiago-barreiro.com\/wp-content\/uploads\/2018\/07\/PB15.jpg\" \/>\n\n\n\t<img class=\"ms-thumb\" src=\"http:\/\/www.santiago-barreiro.com\/wp-content\/uploads\/2018\/07\/PB15-140x80.jpg\" alt=\"\" \/>\n\t<div class=\"ms-thumb\" ><div class=\"ms-tab-context\"><div class=\"&quot;ms-tab-context&quot;\"><\/div><\/div>\n<\/div>\n\t\t\t\t<\/div>\n\t\t\t\t<div  class=\"ms-slide\" data-delay=\"3\" data-fill-mode=\"fill\"  >\n\t\t\t\t\t<img src=\"http:\/\/www.santiago-barreiro.com\/wp-content\/plugins\/master-slider\/public\/assets\/css\/blank.gif\" alt=\"\" title=\"\" data-src=\"http:\/\/www.santiago-barreiro.com\/wp-content\/uploads\/2018\/07\/PB04.jpg\" \/>\n\n\n\t<img class=\"ms-thumb\" src=\"http:\/\/www.santiago-barreiro.com\/wp-content\/uploads\/2018\/07\/PB04-140x80.jpg\" alt=\"\" \/>\n\t<div class=\"ms-thumb\" ><div class=\"ms-tab-context\"><div class=\"&quot;ms-tab-context&quot;\"><\/div><\/div>\n<\/div>\n\t\t\t\t<\/div>\n\t\t\t\t<div  class=\"ms-slide\" data-delay=\"3\" data-fill-mode=\"fill\"  >\n\t\t\t\t\t<img src=\"http:\/\/www.santiago-barreiro.com\/wp-content\/plugins\/master-slider\/public\/assets\/css\/blank.gif\" alt=\"\" title=\"\" data-src=\"http:\/\/www.santiago-barreiro.com\/wp-content\/uploads\/2018\/07\/PB16.jpg\" \/>\n\n\n\t<img class=\"ms-thumb\" src=\"http:\/\/www.santiago-barreiro.com\/wp-content\/uploads\/2018\/07\/PB16-140x80.jpg\" alt=\"\" \/>\n\t<div class=\"ms-thumb\" ><div class=\"ms-tab-context\"><div class=\"&quot;ms-tab-context&quot;\"><\/div><\/div>\n<\/div>\n\t\t\t\t<\/div>\n\t\t\t\t<div  class=\"ms-slide\" data-delay=\"3\" data-fill-mode=\"fill\"  >\n\t\t\t\t\t<img src=\"http:\/\/www.santiago-barreiro.com\/wp-content\/plugins\/master-slider\/public\/assets\/css\/blank.gif\" alt=\"\" title=\"\" data-src=\"http:\/\/www.santiago-barreiro.com\/wp-content\/uploads\/2018\/07\/PB17.jpg\" \/>\n\n\n\t<img class=\"ms-thumb\" src=\"http:\/\/www.santiago-barreiro.com\/wp-content\/uploads\/2018\/07\/PB17-140x80.jpg\" alt=\"\" \/>\n\t<div class=\"ms-thumb\" ><div class=\"ms-tab-context\"><div class=\"&quot;ms-tab-context&quot;\"><\/div><\/div>\n<\/div>\n\t\t\t\t<\/div>\n\t\t\t\t<div  class=\"ms-slide\" data-delay=\"3\" data-fill-mode=\"fill\"  >\n\t\t\t\t\t<img src=\"http:\/\/www.santiago-barreiro.com\/wp-content\/plugins\/master-slider\/public\/assets\/css\/blank.gif\" alt=\"\" title=\"\" data-src=\"http:\/\/www.santiago-barreiro.com\/wp-content\/uploads\/2018\/07\/PB18.jpg\" \/>\n\n\n\t<img class=\"ms-thumb\" src=\"http:\/\/www.santiago-barreiro.com\/wp-content\/uploads\/2018\/07\/PB18-140x80.jpg\" alt=\"\" \/>\n\t<div class=\"ms-thumb\" ><div class=\"ms-tab-context\"><div class=\"&quot;ms-tab-context&quot;\"><\/div><\/div>\n<\/div>\n\t\t\t\t<\/div>\n\t\t\t\t<div  class=\"ms-slide\" data-delay=\"3\" data-fill-mode=\"fill\"  >\n\t\t\t\t\t<img src=\"http:\/\/www.santiago-barreiro.com\/wp-content\/plugins\/master-slider\/public\/assets\/css\/blank.gif\" alt=\"\" title=\"\" data-src=\"http:\/\/www.santiago-barreiro.com\/wp-content\/uploads\/2018\/07\/PB19.jpg\" \/>\n\n\n\t<img class=\"ms-thumb\" src=\"http:\/\/www.santiago-barreiro.com\/wp-content\/uploads\/2018\/07\/PB19-140x80.jpg\" alt=\"\" \/>\n\t<div class=\"ms-thumb\" ><div class=\"ms-tab-context\"><div class=\"&quot;ms-tab-context&quot;\"><\/div><\/div>\n<\/div>\n\t\t\t\t<\/div>\n\t\t\t\t<div  class=\"ms-slide\" data-delay=\"3\" data-fill-mode=\"fill\"  >\n\t\t\t\t\t<img src=\"http:\/\/www.santiago-barreiro.com\/wp-content\/plugins\/master-slider\/public\/assets\/css\/blank.gif\" alt=\"\" title=\"\" data-src=\"http:\/\/www.santiago-barreiro.com\/wp-content\/uploads\/2018\/07\/PB20.jpg\" \/>\n\n\n\t<img class=\"ms-thumb\" src=\"http:\/\/www.santiago-barreiro.com\/wp-content\/uploads\/2018\/07\/PB20-140x80.jpg\" alt=\"\" \/>\n\t<div class=\"ms-thumb\" ><div class=\"ms-tab-context\"><div class=\"&quot;ms-tab-context&quot;\"><\/div><\/div>\n<\/div>\n\t\t\t\t<\/div>\n\t\t\t\t<div  class=\"ms-slide\" data-delay=\"3\" data-fill-mode=\"fill\"  >\n\t\t\t\t\t<img src=\"http:\/\/www.santiago-barreiro.com\/wp-content\/plugins\/master-slider\/public\/assets\/css\/blank.gif\" alt=\"\" title=\"\" data-src=\"http:\/\/www.santiago-barreiro.com\/wp-content\/uploads\/2018\/07\/PB22.jpg\" \/>\n\n\n\t<img class=\"ms-thumb\" src=\"http:\/\/www.santiago-barreiro.com\/wp-content\/uploads\/2018\/07\/PB22-140x80.jpg\" alt=\"\" \/>\n\t<div class=\"ms-thumb\" ><div class=\"ms-tab-context\"><div class=\"&quot;ms-tab-context&quot;\"><\/div><\/div>\n<\/div>\n\t\t\t\t<\/div>\n\t\t\t\t<div  class=\"ms-slide\" data-delay=\"3\" data-fill-mode=\"fill\"  >\n\t\t\t\t\t<img src=\"http:\/\/www.santiago-barreiro.com\/wp-content\/plugins\/master-slider\/public\/assets\/css\/blank.gif\" alt=\"\" title=\"\" data-src=\"http:\/\/www.santiago-barreiro.com\/wp-content\/uploads\/2018\/07\/PB23.jpg\" \/>\n\n\n\t<img class=\"ms-thumb\" src=\"http:\/\/www.santiago-barreiro.com\/wp-content\/uploads\/2018\/07\/PB23-140x80.jpg\" alt=\"\" \/>\n\t<div class=\"ms-thumb\" ><div class=\"ms-tab-context\"><div class=\"&quot;ms-tab-context&quot;\"><\/div><\/div>\n<\/div>\n\t\t\t\t<\/div>\n\t\t\t\t<div  class=\"ms-slide\" data-delay=\"3\" data-fill-mode=\"fill\"  >\n\t\t\t\t\t<img src=\"http:\/\/www.santiago-barreiro.com\/wp-content\/plugins\/master-slider\/public\/assets\/css\/blank.gif\" alt=\"\" title=\"\" data-src=\"http:\/\/www.santiago-barreiro.com\/wp-content\/uploads\/2018\/07\/PB24.jpg\" \/>\n\n\n\t<img class=\"ms-thumb\" src=\"http:\/\/www.santiago-barreiro.com\/wp-content\/uploads\/2018\/07\/PB24-140x80.jpg\" alt=\"\" \/>\n\t<div class=\"ms-thumb\" ><div class=\"ms-tab-context\"><div class=\"&quot;ms-tab-context&quot;\"><\/div><\/div>\n<\/div>\n\t\t\t\t<\/div>\n\t\t\t\t<div  class=\"ms-slide\" data-delay=\"3\" data-fill-mode=\"fill\"  >\n\t\t\t\t\t<img src=\"http:\/\/www.santiago-barreiro.com\/wp-content\/plugins\/master-slider\/public\/assets\/css\/blank.gif\" alt=\"\" title=\"\" data-src=\"http:\/\/www.santiago-barreiro.com\/wp-content\/uploads\/2018\/07\/PB25.jpg\" \/>\n\n\n\t<img class=\"ms-thumb\" src=\"http:\/\/www.santiago-barreiro.com\/wp-content\/uploads\/2018\/07\/PB25-140x80.jpg\" alt=\"\" \/>\n\t<div class=\"ms-thumb\" ><div class=\"ms-tab-context\"><div class=\"&quot;ms-tab-context&quot;\"><\/div><\/div>\n<\/div>\n\t\t\t\t<\/div>\n\t\t\t\t<div  class=\"ms-slide\" data-delay=\"3\" data-fill-mode=\"fill\"  >\n\t\t\t\t\t<img src=\"http:\/\/www.santiago-barreiro.com\/wp-content\/plugins\/master-slider\/public\/assets\/css\/blank.gif\" alt=\"\" title=\"\" data-src=\"http:\/\/www.santiago-barreiro.com\/wp-content\/uploads\/2018\/07\/PB26.jpg\" \/>\n\n\n\t<img class=\"ms-thumb\" src=\"http:\/\/www.santiago-barreiro.com\/wp-content\/uploads\/2018\/07\/PB26-140x80.jpg\" alt=\"\" \/>\n\t<div class=\"ms-thumb\" ><div class=\"ms-tab-context\"><div class=\"&quot;ms-tab-context&quot;\"><\/div><\/div>\n<\/div>\n\t\t\t\t<\/div>\n\t\t\t\t<div  class=\"ms-slide\" data-delay=\"3\" data-fill-mode=\"fill\"  >\n\t\t\t\t\t<img src=\"http:\/\/www.santiago-barreiro.com\/wp-content\/plugins\/master-slider\/public\/assets\/css\/blank.gif\" alt=\"\" title=\"\" data-src=\"http:\/\/www.santiago-barreiro.com\/wp-content\/uploads\/2018\/07\/PB27.jpg\" \/>\n\n\n\t<img class=\"ms-thumb\" src=\"http:\/\/www.santiago-barreiro.com\/wp-content\/uploads\/2018\/07\/PB27-140x80.jpg\" alt=\"\" \/>\n\t<div class=\"ms-thumb\" ><div class=\"ms-tab-context\"><div class=\"&quot;ms-tab-context&quot;\"><\/div><\/div>\n<\/div>\n\t\t\t\t<\/div>\n\t\t\t\t<div  class=\"ms-slide\" data-delay=\"3\" data-fill-mode=\"fill\"  >\n\t\t\t\t\t<img src=\"http:\/\/www.santiago-barreiro.com\/wp-content\/plugins\/master-slider\/public\/assets\/css\/blank.gif\" alt=\"\" title=\"\" data-src=\"http:\/\/www.santiago-barreiro.com\/wp-content\/uploads\/2018\/07\/PB29.jpg\" \/>\n\n\n\t<img class=\"ms-thumb\" src=\"http:\/\/www.santiago-barreiro.com\/wp-content\/uploads\/2018\/07\/PB29-140x80.jpg\" alt=\"\" \/>\n\t<div class=\"ms-thumb\" ><div class=\"ms-tab-context\"><div class=\"&quot;ms-tab-context&quot;\"><\/div><\/div>\n<\/div>\n\t\t\t\t<\/div>\n\t\t\t\t<div  class=\"ms-slide\" data-delay=\"3\" data-fill-mode=\"fill\"  >\n\t\t\t\t\t<img src=\"http:\/\/www.santiago-barreiro.com\/wp-content\/plugins\/master-slider\/public\/assets\/css\/blank.gif\" alt=\"\" title=\"\" data-src=\"http:\/\/www.santiago-barreiro.com\/wp-content\/uploads\/2018\/07\/PB35-RGB98.jpg\" \/>\n\n\n\t<img class=\"ms-thumb\" src=\"http:\/\/www.santiago-barreiro.com\/wp-content\/uploads\/2018\/07\/PB35-RGB98-140x80.jpg\" alt=\"\" \/>\n\t<div class=\"ms-thumb\" ><div class=\"ms-tab-context\"><div class=\"&quot;ms-tab-context&quot;\"><\/div><\/div>\n<\/div>\n\t\t\t\t<\/div>\n\t\t\t\t<div  class=\"ms-slide\" data-delay=\"3\" data-fill-mode=\"fill\"  >\n\t\t\t\t\t<img src=\"http:\/\/www.santiago-barreiro.com\/wp-content\/plugins\/master-slider\/public\/assets\/css\/blank.gif\" alt=\"\" title=\"\" data-src=\"http:\/\/www.santiago-barreiro.com\/wp-content\/uploads\/2018\/07\/SAN_3768.jpg\" \/>\n\n\n\t<img class=\"ms-thumb\" src=\"http:\/\/www.santiago-barreiro.com\/wp-content\/uploads\/2018\/07\/SAN_3768-140x80.jpg\" alt=\"\" \/>\n\t<div class=\"ms-thumb\" ><div class=\"ms-tab-context\"><div class=\"&quot;ms-tab-context&quot;\"><\/div><\/div>\n<\/div>\n\t\t\t\t<\/div>\n\t\t\t\t<div  class=\"ms-slide\" data-delay=\"3\" data-fill-mode=\"fill\"  >\n\t\t\t\t\t<img src=\"http:\/\/www.santiago-barreiro.com\/wp-content\/plugins\/master-slider\/public\/assets\/css\/blank.gif\" alt=\"\" title=\"\" data-src=\"http:\/\/www.santiago-barreiro.com\/wp-content\/uploads\/2018\/07\/SAN_4986-Edit-2.jpg\" \/>\n\n\n\t<img class=\"ms-thumb\" src=\"http:\/\/www.santiago-barreiro.com\/wp-content\/uploads\/2018\/07\/SAN_4986-Edit-2-140x80.jpg\" alt=\"\" \/>\n\t<div class=\"ms-thumb\" ><div class=\"ms-tab-context\"><div class=\"&quot;ms-tab-context&quot;\"><\/div><\/div>\n<\/div>\n\t\t\t\t<\/div>\n\t\t\t\t<div  class=\"ms-slide\" data-delay=\"3\" data-fill-mode=\"fill\"  >\n\t\t\t\t\t<img src=\"http:\/\/www.santiago-barreiro.com\/wp-content\/plugins\/master-slider\/public\/assets\/css\/blank.gif\" alt=\"\" title=\"\" data-src=\"http:\/\/www.santiago-barreiro.com\/wp-content\/uploads\/2018\/07\/SAN_5882.jpg\" \/>\n\n\n\t<img class=\"ms-thumb\" src=\"http:\/\/www.santiago-barreiro.com\/wp-content\/uploads\/2018\/07\/SAN_5882-140x80.jpg\" alt=\"\" \/>\n\t<div class=\"ms-thumb\" ><div class=\"ms-tab-context\"><div class=\"&quot;ms-tab-context&quot;\"><\/div><\/div>\n<\/div>\n\t\t\t\t<\/div>\n\t\t\t\t<div  class=\"ms-slide\" data-delay=\"3\" data-fill-mode=\"fill\"  >\n\t\t\t\t\t<img src=\"http:\/\/www.santiago-barreiro.com\/wp-content\/plugins\/master-slider\/public\/assets\/css\/blank.gif\" alt=\"\" title=\"\" data-src=\"http:\/\/www.santiago-barreiro.com\/wp-content\/uploads\/2018\/07\/SAN_8957.jpg\" \/>\n\n\n\t<img class=\"ms-thumb\" src=\"http:\/\/www.santiago-barreiro.com\/wp-content\/uploads\/2018\/07\/SAN_8957-140x80.jpg\" alt=\"\" \/>\n\t<div class=\"ms-thumb\" ><div class=\"ms-tab-context\"><div class=\"&quot;ms-tab-context&quot;\"><\/div><\/div>\n<\/div>\n\t\t\t\t<\/div>\n\n\t\t\t<\/div>\n\t\t\t<!-- END MasterSlider Main -->\n\n\t\t\t \n\t\t<\/div>\n\t\t<!-- END MasterSlider -->\n\n\t\t<script>\n\t\t(function ( $ ) {\n\t\t\t\"use strict\";\n\n\t\t\t$(function () {\n\t\t\t\tvar masterslider_037d = new MasterSlider();\n\n\t\t\t\t\/\/ slider controls\n\t\t\t\tmasterslider_037d.control('arrows'     ,{ autohide:false, overVideo:true  });\n\t\t\t\tmasterslider_037d.control('thumblist'  ,{ autohide:false, overVideo:true, dir:'h', speed:17, inset:false, arrows:false, hover:false, customClass:'', align:'bottom',type:'thumbs', margin:5, width:140, height:80, space:5, fillMode:'fill'  });\n\t\t\t\t\/\/ slider setup\n\t\t\t\tmasterslider_037d.setup(\"MS69dfa9e44037d\", {\n\t\t\t\t\t\twidth           : 1000,\n\t\t\t\t\t\theight          : 500,\n\t\t\t\t\t\tminHeight       : 0,\n\t\t\t\t\t\tspace           : 0,\n\t\t\t\t\t\tstart           : 1,\n\t\t\t\t\t\tgrabCursor      : true,\n\t\t\t\t\t\tswipe           : true,\n\t\t\t\t\t\tmouse           : true,\n\t\t\t\t\t\tlayout          : \"boxed\",\n\t\t\t\t\t\twheel           : false,\n\t\t\t\t\t\tautoplay        : true,\n\t\t\t\t\t\tinstantStartLayers:false,\n\t\t\t\t\t\tloop            : true,\n\t\t\t\t\t\tshuffle         : false,\n\t\t\t\t\t\tpreload         : 0,\n\t\t\t\t\t\theightLimit     : true,\n\t\t\t\t\t\tautoHeight      : true,\n\t\t\t\t\t\tsmoothHeight    : true,\n\t\t\t\t\t\tendPause        : false,\n\t\t\t\t\t\toverPause       : true,\n\t\t\t\t\t\tfillMode        : \"fill\",\n\t\t\t\t\t\tcenterControls  : true,\n\t\t\t\t\t\tstartOnAppear   : false,\n\t\t\t\t\t\tlayersMode      : \"center\",\n\t\t\t\t\t\thideLayers      : false,\n\t\t\t\t\t\tfullscreenMargin: 0,\n\t\t\t\t\t\tspeed           : 20,\n\t\t\t\t\t\tdir             : \"h\",\n\t\t\t\t\t\tparallaxMode    : 'swipe',\n\t\t\t\t\t\tview            : \"basic\"\n\t\t\t\t});\n\n\t\t\t\t\n\t\t\t\twindow.masterslider_instances = window.masterslider_instances || [];\n\t\t\t\twindow.masterslider_instances.push( masterslider_037d );\n\t\t\t });\n\n\t\t})(jQuery);\n\t\t<\/script>\n\n\n<p>&nbsp;<\/p>\n<p style=\"text-align: justify;\"><span style=\"color: #999999;\">Fines de 2011, cierre de los festejos de los doscientos a\u00f1os del proceso de emancipaci\u00f3n oriental, el Bicentenario. Fue en ese evento donde por primera&nbsp;vez tom\u00e9 contacto con la danza cl\u00e1sica y donde naci\u00f3 la inquietud que me trajo hasta aqu\u00ed.&nbsp;<\/span><span style=\"color: #999999;\">Luego de dos a\u00f1os de gesti\u00f3n y fotograf\u00edas, aquel proyecto que nombr\u00e9 \u00abPueblo Ballet\u00bb, lleg\u00f3 a su etapa final.<\/span><span style=\"color: #999999;\">Gracias al apoyo del Ballet Nacional del Sodre -BNS- y a una gran cantidad de sus bailarines, hemos podido llevar a cabo este peque\u00f1o estudio fotogr\u00e1fico que plasma las reacciones de los contempor\u00e1neos uruguayos ante la belleza del ballet cl\u00e1sico.<\/span><span style=\"color: #999999;\">Llevamos la danza a quienes no siempre pueden acceder a ella.&nbsp;Intervinimos el espacio p\u00fablico y sorprendimos a ciudadanos en su devenir cotidiano.<\/span><span style=\"color: #999999;\">\u00abPueblo Ballet\u00bb se propuso realizar una serie de fotograf\u00edas que retrataran conceptualmente la relaci\u00f3n del Ballet Nacional del Sodre con el pueblo uruguayo, o m\u00e1s bien el montevideano.<\/span><span style=\"color: #999999;\">Quisimos unificar, mediante im\u00e1genes, lo bello y fino de la danza con el folclore social.&nbsp;De esta forma intentamos promover la cultura del ballet y derrumbar a\u00f1os de conceptos equ\u00edvocos en nuestro pa\u00eds.<\/span><\/p>\n<hr>\n<p style=\"text-align: justify;\"><em><span style=\"color: #999999;\">End of 2011 \u2013 closing celebrations of the two hundred years of the emancipation process, the Bicentennial. That was the first time I became acquainted with classical dance and when the intellectual appetite that brought me here was born in me<\/span>.<\/em><em style=\"line-height: 1.5;\"><span style=\"color: #999999;\">After two years of management and photography, that project which I named \u201cPueblo Ballet\u201d reached its final stage.<\/span><\/em><em><span style=\"color: #999999;\">Thanks to the support of SODRE National Ballet Company (BNS), and to many of its dancers, we could go through with this small photographic study, which shows the reactions of contemporary Uruguayans to the beauty of classical ballet.<\/span><\/em><em><span style=\"color: #999999;\">We took dance to those who could not always access it.&nbsp;We made some changes in the public areas and caught people\u2019s attention as they went about their daily routines.<\/span><\/em><em><span style=\"color: #999999;\">\u201cPueblo Ballet\u201d decided to take a series of photos to conceptually portray the relationship between the SODRE National Ballet Company and the Uruguayan people, or rather, the Montevideo people.<\/span><\/em><em><span style=\"color: #999999;\">We wanted to unify, through images, the beauty and finesse of classical dance with social folklore and by doing so, to promote the culture of ballet and bring down years of misconceptions in our country.<\/span><\/em><\/p>\n","protected":false},"excerpt":{"rendered":"<p>&nbsp; Fines de 2011, cierre de los festejos de los doscientos a\u00f1os del proceso de emancipaci\u00f3n oriental, el Bicentenario. Fue en ese evento donde por primera&nbsp;vez tom\u00e9 contacto con la danza cl\u00e1sica y donde naci\u00f3 la inquietud que me trajo hasta aqu\u00ed.&nbsp;Luego de dos a\u00f1os de gesti\u00f3n y fotograf\u00edas, aquel proyecto que nombr\u00e9 \u00abPueblo Ballet\u00bb, [&hellip;]<\/p>\n","protected":false},"author":1,"featured_media":0,"parent":18,"menu_order":3,"comment_status":"open","ping_status":"closed","template":"","meta":{"sfsi_plus_gutenberg_text_before_share":"","sfsi_plus_gutenberg_show_text_before_share":"","sfsi_plus_gutenberg_icon_type":"","sfsi_plus_gutenberg_icon_alignemt":"","sfsi_plus_gutenburg_max_per_row":""},"_links":{"self":[{"href":"http:\/\/www.santiago-barreiro.com\/index.php\/wp-json\/wp\/v2\/pages\/35"}],"collection":[{"href":"http:\/\/www.santiago-barreiro.com\/index.php\/wp-json\/wp\/v2\/pages"}],"about":[{"href":"http:\/\/www.santiago-barreiro.com\/index.php\/wp-json\/wp\/v2\/types\/page"}],"author":[{"embeddable":true,"href":"http:\/\/www.santiago-barreiro.com\/index.php\/wp-json\/wp\/v2\/users\/1"}],"replies":[{"embeddable":true,"href":"http:\/\/www.santiago-barreiro.com\/index.php\/wp-json\/wp\/v2\/comments?post=35"}],"version-history":[{"count":10,"href":"http:\/\/www.santiago-barreiro.com\/index.php\/wp-json\/wp\/v2\/pages\/35\/revisions"}],"predecessor-version":[{"id":109,"href":"http:\/\/www.santiago-barreiro.com\/index.php\/wp-json\/wp\/v2\/pages\/35\/revisions\/109"}],"up":[{"embeddable":true,"href":"http:\/\/www.santiago-barreiro.com\/index.php\/wp-json\/wp\/v2\/pages\/18"}],"wp:attachment":[{"href":"http:\/\/www.santiago-barreiro.com\/index.php\/wp-json\/wp\/v2\/media?parent=35"}],"curies":[{"name":"wp","href":"https:\/\/api.w.org\/{rel}","templated":true}]}}